{"id":13,"date":"2021-11-22T15:49:52","date_gmt":"2021-11-22T14:49:52","guid":{"rendered":"http:\/\/ouibonsoir.fr\/?page_id=13"},"modified":"2021-11-22T16:02:13","modified_gmt":"2021-11-22T15:02:13","slug":"qui-sommes-nous","status":"publish","type":"page","link":"https:\/\/ouibonsoir.fr\/?page_id=13","title":{"rendered":"Qui sommes nous ?"},"content":{"rendered":"\n<p>Le club <strong>Expressions<\/strong> fait partie de Toastmasters International. C&#8217;est une association \u00e0 but non lucratif visant \u00e0 am\u00e9liorer la communication orale lors de r\u00e9unions de club, de sessions de formation et de concours de discours. <\/p>\n\n\n\n<p>Toastmasters International comporte plus de 364.000 membres adh\u00e9rents de 16.200 clubs r\u00e9partis sur 145 pays. Ne fait partie d&#8217;aucune confession, groupe ethnique ou parti politique.<\/p>\n\n\n\n<p>Les clubs Toastmasters sont regroup\u00e9s par Secteurs, Divisions et Districts. Notre Club Expressions (N\u00b0778487) fait partie du Secteur 1 de la Division A du District 59<\/p>\n\n\n\n<p><\/p>\n","protected":false},"excerpt":{"rendered":"<p>Le club Expressions fait partie de Toastmasters International. C&#8217;est une association \u00e0 but non lucratif visant \u00e0 am\u00e9liorer la communication orale lors de r\u00e9unions de club, de sessions de formation &hellip; <a href=\"https:\/\/ouibonsoir.fr\/?page_id=13\" class=\"more-link\">Continue reading<span class=\"screen-reader-text\"> &#8220;Qui sommes nous ?&#8221;<\/span><\/a><\/p>\n","protected":false},"author":1,"featured_media":0,"parent":0,"menu_order":0,"comment_status":"closed","ping_status":"closed","template":"","meta":[],"_links":{"self":[{"href":"https:\/\/ouibonsoir.fr\/index.php?rest_route=\/wp\/v2\/pages\/13"}],"collection":[{"href":"https:\/\/ouibonsoir.fr\/index.php?rest_route=\/wp\/v2\/pages"}],"about":[{"href":"https:\/\/ouibonsoir.fr\/index.php?rest_route=\/wp\/v2\/types\/page"}],"author":[{"embeddable":true,"href":"https:\/\/ouibonsoir.fr\/index.php?rest_route=\/wp\/v2\/users\/1"}],"replies":[{"embeddable":true,"href":"https:\/\/ouibonsoir.fr\/index.php?rest_route=%2Fwp%2Fv2%2Fcomments&post=13"}],"version-history":[{"count":3,"href":"https:\/\/ouibonsoir.fr\/index.php?rest_route=\/wp\/v2\/pages\/13\/revisions"}],"predecessor-version":[{"id":27,"href":"https:\/\/ouibonsoir.fr\/index.php?rest_route=\/wp\/v2\/pages\/13\/revisions\/27"}],"wp:attachment":[{"href":"https:\/\/ouibonsoir.fr\/index.php?rest_route=%2Fwp%2Fv2%2Fmedia&parent=13"}],"curies":[{"name":"wp","href":"https:\/\/api.w.org\/{rel}","templated":true}]}}