{"id":18,"date":"2021-11-22T15:51:12","date_gmt":"2021-11-22T14:51:12","guid":{"rendered":"http:\/\/ouibonsoir.fr\/?page_id=18"},"modified":"2021-11-22T17:07:09","modified_gmt":"2021-11-22T16:07:09","slug":"methode-toastmasters","status":"publish","type":"page","link":"https:\/\/ouibonsoir.fr\/?page_id=18","title":{"rendered":"La M\u00e9thode"},"content":{"rendered":"\n<div class=\"wp-block-group\"><div class=\"wp-block-group__inner-container\">\n<h2>Apprendre en pratiquant<\/h2>\n\n\n\n<p>Les clubs Toastmasters dans le monde utilisent une m\u00e9thode \u00e9prouv\u00e9e qui vous aidera \u00e0 d\u00e9couvrir le plaisir de parler \u00e0 un auditoire.<\/p>\n\n\n\n<div class=\"wp-block-columns\">\n<div class=\"wp-block-column\" style=\"flex-basis:100%\">\n<div class=\"wp-block-image is-style-rounded\"><figure class=\"alignleft\"><img src=\"http:\/\/toastmastersexpressions.fr\/pic\/meeting.jpg\" alt=\"\"\/><\/figure><\/div>\n\n\n\n<p><strong>Ce n&#8217;est pas un cours magistral mais plut\u00f4t une suite d&#8217;occasions de prendre la parole en public :<\/strong>&nbsp;c&#8217;est en pratiquant qu&#8217;on progresse le plus. Au sein d&#8217;Expressions, il n&#8217;y a pas de &#8220;professeur&#8221; ou de &#8220;formateur&#8221; attitr\u00e9 : les membres du club se perfectionnent par la mise en pratique des techniques expos\u00e9es dans un manuel remis lors de l&#8217;adh\u00e9sion, et gr\u00e2ce aux \u00e9valuations des autres membres. Pendant les r\u00e9unions, chaque membre participe activement au d\u00e9roulement de la soir\u00e9e en tant qu&#8217;orateur, \u00e9valuateur, animateur, etc.<\/p>\n<\/div>\n<\/div>\n\n\n\n<p><strong>Chaque r\u00e9union est l&#8217;occasion<\/strong>&nbsp;pour tous les membres&nbsp;<strong>de s&#8217;exprimer et de prendre confiance<\/strong>&nbsp;en eux :<\/p>\n\n\n\n<ul><li>Vous pr\u00e9senterez des discours pr\u00e9par\u00e9s<\/li><li>Vous prendrez part \u00e0 des s\u00e9ances d&#8217;improvisation.<\/li><li>A chacune de vos interventions, vous serez \u00e9valu\u00e9 par l&#8217;un des autres membres du club pour vous aider \u00e0 progresser.<\/li><\/ul>\n\n\n\n<p>Au fil des r\u00e9unions, vos interventions seront de plus en plus \u00e9labor\u00e9es, chacune s&#8217;appuyant sur l&#8217;ensemble des techniques que vous aurez apprises auparavant.<\/p>\n<\/div><\/div>\n\n\n\n<div class=\"wp-block-columns\">\n<div class=\"wp-block-column\" style=\"flex-basis:100%\">\n<h2>Les discours pr\u00e9par\u00e9s<\/h2>\n\n\n\n<p>La m\u00e9thode Toastmasters s&#8217;appuie sur un manuel exposant les 10 techniques de base d&#8217;un discours efficace. Pour apprendre \u00e0 ma\u00eetriser ces 10 techniques, vous pr\u00e9parerez et pr\u00e9senterez \u00e0 votre rythme 10 discours.<\/p>\n\n\n\n<p>En 5 \u00e0 10 minutes, vous vous exprimerez sur le sujet de votre choix, en mettant en oeuvre l&#8217;une des techniques \u00e9tudi\u00e9es.<\/p>\n\n\n\n<h2>Les improvisations<\/h2>\n\n\n\n<p>Dans de nombreuses circonstances : r\u00e9unions de travail, s\u00e9minaires, entretiens d&#8217;embauche, examens, simples conversations&#8230; vous \u00eates amen\u00e9(e) \u00e0 prendre la parole sans pr\u00e9paration. Il vous faut alors r\u00e9unir vos id\u00e9es en quelques secondes et les exposer dans un ordre logique.<\/p>\n\n\n\n<p><strong>Chaque r\u00e9union d&#8217;Expressions comprend une session d&#8217;improvisation.<\/strong>&nbsp;Tout membre peut \u00eatre d\u00e9sign\u00e9 pour s&#8217;exprimer \u00e0 br\u00fble-pourpoint sur un sujet donn\u00e9 pendant une \u00e0 deux minutes. Vous apprendrez ainsi \u00e0 ne pas c\u00e9der \u00e0 la panique et \u00e0 structurer vos id\u00e9es tout en parlant.&nbsp;<strong>Cet exercice et l&#8217;\u00e9valuation \u00e0 laquelle il donne lieu permettent de faire face \u00e0 tous types de questions, sans \u00eatre pris au d\u00e9pourvu.<\/strong><\/p>\n<\/div>\n<\/div>\n","protected":false},"excerpt":{"rendered":"<p>Apprendre en pratiquant Les clubs Toastmasters dans le monde utilisent une m\u00e9thode \u00e9prouv\u00e9e qui vous aidera \u00e0 d\u00e9couvrir le plaisir de parler \u00e0 un auditoire. Ce n&#8217;est pas un cours &hellip; <a href=\"https:\/\/ouibonsoir.fr\/?page_id=18\" class=\"more-link\">Continue reading<span class=\"screen-reader-text\"> &#8220;La M\u00e9thode&#8221;<\/span><\/a><\/p>\n","protected":false},"author":1,"featured_media":0,"parent":0,"menu_order":0,"comment_status":"closed","ping_status":"closed","template":"","meta":[],"_links":{"self":[{"href":"https:\/\/ouibonsoir.fr\/index.php?rest_route=\/wp\/v2\/pages\/18"}],"collection":[{"href":"https:\/\/ouibonsoir.fr\/index.php?rest_route=\/wp\/v2\/pages"}],"about":[{"href":"https:\/\/ouibonsoir.fr\/index.php?rest_route=\/wp\/v2\/types\/page"}],"author":[{"embeddable":true,"href":"https:\/\/ouibonsoir.fr\/index.php?rest_route=\/wp\/v2\/users\/1"}],"replies":[{"embeddable":true,"href":"https:\/\/ouibonsoir.fr\/index.php?rest_route=%2Fwp%2Fv2%2Fcomments&post=18"}],"version-history":[{"count":4,"href":"https:\/\/ouibonsoir.fr\/index.php?rest_route=\/wp\/v2\/pages\/18\/revisions"}],"predecessor-version":[{"id":45,"href":"https:\/\/ouibonsoir.fr\/index.php?rest_route=\/wp\/v2\/pages\/18\/revisions\/45"}],"wp:attachment":[{"href":"https:\/\/ouibonsoir.fr\/index.php?rest_route=%2Fwp%2Fv2%2Fmedia&parent=18"}],"curies":[{"name":"wp","href":"https:\/\/api.w.org\/{rel}","templated":true}]}}